{"id":91,"date":"2013-11-26T20:41:49","date_gmt":"2013-11-26T18:41:49","guid":{"rendered":"http:\/\/www.st-franziskus-schwarzenbach-saale.de\/wpsf\/?page_id=91"},"modified":"2025-01-29T19:53:36","modified_gmt":"2025-01-29T19:53:36","slug":"pfarrgemeinderat","status":"publish","type":"page","link":"https:\/\/www.st-franziskus-schwarzenbach-saale.de\/?page_id=91","title":{"rendered":"Pfarrgemeinderat"},"content":{"rendered":"\n<h3 style=\"text-align: center;\">Pfarrgemeinderat 2022 bis 2026<\/h3>\n\n\n\n<p class=\"has-text-align-center\"><strong>Mitglieder <\/strong>(in alphabetischer Reihenfolge)<br>Heidi Hornig, Eva Oppenrieder, Clemens Reiche, Florian Schacher,<br>Ulrike Schacher, Astrid Schubert, Karin Vogel, Franz Walther,<br>Pfarrer Dr. Dieter Jung<br><strong>Vorsitzende<\/strong><br>Heidi Hornig, Astrid Schubert<br><strong>Stellvertreter und Schriftf\u00fchrer<\/strong><br>Karin Vogel, Franz Walther<br><strong>Delegierte in den Seelsorgebereich<\/strong><br>Astrid Schubert<br><strong>Delegierte in die Kirchenverwaltung<\/strong><br>Heidi Hornig<\/p>\n\n\n\n<p><\/p>\n\n\n\n<p><img loading=\"lazy\" decoding=\"async\" class=\"wp-image-3372 alignleft\" src=\"https:\/\/www.st-franziskus-schwarzenbach-saale.de\/wpsf\/wp-content\/uploads\/2025\/01\/05bdd53b-4707-449d-8d74-453a9f92bbef-225x300.jpeg\" alt=\"\" width=\"291\" height=\"388\" srcset=\"https:\/\/www.st-franziskus-schwarzenbach-saale.de\/wpsf\/wp-content\/uploads\/2025\/01\/05bdd53b-4707-449d-8d74-453a9f92bbef-225x300.jpeg 225w, https:\/\/www.st-franziskus-schwarzenbach-saale.de\/wpsf\/wp-content\/uploads\/2025\/01\/05bdd53b-4707-449d-8d74-453a9f92bbef.jpeg 480w\" sizes=\"auto, (max-width: 291px) 100vw, 291px\" \/><\/p>\n\n\n\n<pre><br \/><br \/><br \/><\/pre>\n\n\n\n\n<p>Der neu gew\u00e4hlte Pfarrgemeinderat: (von links) Pfarrer Dieter Jung, Schacher Florian, Schubert Astrid, Hornig Heidi, Vogel Karin, Oppenrieder Eva, Walther Franz, Schacher Ulrike und Reiche Clemens.<\/p>\n\n\n\n\n<p><strong>Der Pfarrgemeinderat<\/strong> <br \/>(neue Satzung vom 20. M\u00e4rz 2022)<\/p>\n<p><strong><em>Aufgaben<\/em><\/strong><\/p>\n<p><strong>Was ist der Pfarrgemeinderat?<\/strong><br \/>Ein Leitungsgremium. Hier k\u00f6nnen von der Gemeinde gew\u00e4hlte Vertreter mitbestimmen, welche Pl\u00e4ne in der Pfarrei verwirklicht und welche Ziele angestrebt werden. Der Pfarrgemeinderat wird von den Gemeindemitgliedern f\u00fcr vier Jahre gew\u00e4hlt.<\/p>\n<p><strong>Welche Aufgaben hat der Pfarrgemeinderat?<\/strong><br \/>Laut Satzung beinahe unendlich viele: von der Jugendarbeit bis zur Gottesdienstfeier, vom Besuchsdienst bei Neuzugezogenen oder im Krankenhaus bis zur \u00d6ffentlichkeitsarbeit. In der Praxis jedoch wird jeder Pfarrgemeinderat unterschiedliche Schwerpunkte setzen und versuchen, Menschen zum Mitmachen bei den jeweiligen Projekten zu bewegen. \u00dcber die einzelnen Arbeitsgebiete hinaus h\u00e4lt er Kontakt zur Kirchenverwaltung. Mit ihr ber\u00e4t er die Finanzierung seelsorglicher Zielsetzungen.<\/p>\n<p><strong>Auf welcher Grundlage arbeiten die Pfarrgemeinder\u00e4te?<\/strong><br \/>Seit dem II. Vatikanischen Konzil w\u00e4chst die \u00dcberzeugung, dass alle Christen eine gemeinsame Verantwortung haben. Dies zeigt sich im Pfarrgemeinderat in besonderer Weise.<\/p>\n<p><strong>Welche Bedeutung haben die Pfarrgemeinder\u00e4te f\u00fcr die Zukunft der Kirche?<\/strong><br \/>Eine sehr Gro\u00dfe. Vieles, was in den Gemeinden heute geschieht, ist mit dem Pfarrgemeinderat verbunden. Hier engagieren sich Frauen und M\u00e4nner vor Ort mit und f\u00fcr die Menschen.<\/p>\n<p><br \/><strong><em>Mitarbeit<\/em><\/strong><\/p>\n<p><strong>Wer kann Mitglied werden?<\/strong><br \/>Jede Katholikin und jeder Katholik ab 14 Jahre.<\/p>\n<p><strong>Wie setzt sich der Pfarrgemeinderat zusammen?<\/strong><br \/>Die Zahl der zu w\u00e4hlenden Mitglieder des Rates legt der amtierende Rat im Rahmen der Wahlvorbereitung f\u00fcr die kommende Wahl selbst fest. Sie betr\u00e4gt in Pfarrgemeinden bis 5000 Katholikinnen und Katholiken mindestens 4, mit mehr als 5000 Katholikinnen und Katholiken mindestens 6.<\/p>\n<p>Der Rat besteht aus stimmberechtigen und beratenden Mitgliedern. Neben den gew\u00e4hlten Mitgliedern geh\u00f6rt ein Mitglied des Pastoralteams des Seelsorgebreichs, welche von diesem beauftragt wird, sowie berufene Mitglieder dem Pfarrgemeinderat an. Diese haben ein Stimmrecht im Rat. Die Zahl der berufenen Personen ist an der Stelle durch eine festgelegte zwei Drittel Mehrheit der gew\u00e4hlten Mitglieder begrenzt.<br \/>Beratend geh\u00f6ren dem Pfarrgemeinderat der Leitende Pfarrer, der kanonische Pfarrer bzw. Pfarradministrator der entsprechenden Pfarrei, ein von der Kirchenverwaltung beauftragtes Mitglied sowie weitere berufene Personen dem Rat an. Hierbei ist die Zahl der berufenen Personen unbegrenzt.<\/p>\n<p><br \/>Quelle: Bistum Bamberg \u2013 PGR Wahlen 2022<\/p>\n<p>\u00a0<\/p>\n","protected":false},"excerpt":{"rendered":"<p>Pfarrgemeinderat 2022 bis 2026 Mitglieder (in alphabetischer Reihenfolge)Heidi Hornig, Eva Oppenrieder, Clemens Reiche, Florian Schacher,Ulrike Schacher, Astrid Schubert, Karin Vogel, Franz Walther,Pfarrer Dr. Dieter JungVorsitzendeHeidi Hornig, Astrid SchubertStellvertreter und Schriftf\u00fchrerKarin Vogel, Franz WaltherDelegierte in den SeelsorgebereichAstrid SchubertDelegierte in die KirchenverwaltungHeidi Hornig Der neu gew\u00e4hlte Pfarrgemeinderat: (von links) Pfarrer Dieter Jung, Schacher Florian, Schubert Astrid, Hornig [&hellip;]<\/p>\n","protected":false},"author":1,"featured_media":0,"parent":0,"menu_order":0,"comment_status":"closed","ping_status":"closed","template":"","meta":{"footnotes":""},"class_list":["post-91","page","type-page","status-publish","hentry"],"_links":{"self":[{"href":"https:\/\/www.st-franziskus-schwarzenbach-saale.de\/index.php?rest_route=\/wp\/v2\/pages\/91","targetHints":{"allow":["GET"]}}],"collection":[{"href":"https:\/\/www.st-franziskus-schwarzenbach-saale.de\/index.php?rest_route=\/wp\/v2\/pages"}],"about":[{"href":"https:\/\/www.st-franziskus-schwarzenbach-saale.de\/index.php?rest_route=\/wp\/v2\/types\/page"}],"author":[{"embeddable":true,"href":"https:\/\/www.st-franziskus-schwarzenbach-saale.de\/index.php?rest_route=\/wp\/v2\/users\/1"}],"replies":[{"embeddable":true,"href":"https:\/\/www.st-franziskus-schwarzenbach-saale.de\/index.php?rest_route=%2Fwp%2Fv2%2Fcomments&post=91"}],"version-history":[{"count":16,"href":"https:\/\/www.st-franziskus-schwarzenbach-saale.de\/index.php?rest_route=\/wp\/v2\/pages\/91\/revisions"}],"predecessor-version":[{"id":3375,"href":"https:\/\/www.st-franziskus-schwarzenbach-saale.de\/index.php?rest_route=\/wp\/v2\/pages\/91\/revisions\/3375"}],"wp:attachment":[{"href":"https:\/\/www.st-franziskus-schwarzenbach-saale.de\/index.php?rest_route=%2Fwp%2Fv2%2Fmedia&parent=91"}],"curies":[{"name":"wp","href":"https:\/\/api.w.org\/{rel}","templated":true}]}}