{"id":89,"date":"2013-11-26T20:41:30","date_gmt":"2013-11-26T18:41:30","guid":{"rendered":"http:\/\/www.st-franziskus-schwarzenbach-saale.de\/wpsf\/?page_id=89"},"modified":"2025-01-20T20:19:18","modified_gmt":"2025-01-20T20:19:18","slug":"kirchenverwaltung","status":"publish","type":"page","link":"https:\/\/www.st-franziskus-schwarzenbach-saale.de\/?page_id=89","title":{"rendered":"Kirchenverwaltung"},"content":{"rendered":"<p><strong>Was ist die Kirchenverwaltung?<\/strong><br \/>\nDie Kirchenverwaltung ist das Gremium in der Pfarrei, das zusammen mit dem Pfarrer die Kirchenstiftung rechtlich vertritt. Hier lenken die gew\u00e4hlten Kirchenverwaltungsmitglieder zusammen mit dem Pfarrer als Kirchenverwaltungsvorstand aktiv die Geschicke der Pfarrei. Die Kirchenverwaltung wird von den Pfarrgemeindemitgliedern f\u00fcr 6 Jahre gew\u00e4hlt.<\/p>\n<p><strong>Welche Aufgaben hat sie?<\/strong><br \/>\nDie Aufgaben der Kirchenverwaltung sind in der Kirchenstiftungsordnung genau festgelegt. Sie reichen von der gewissenhaften und sparsamen Verwaltung des Kirchenstiftungsverm\u00f6gens \u00fcber die Beschlussfassung des Haushaltsplanes sowie die anschlie\u00dfende \u00dcberwachung des beschlossenen Budgets.<\/p>\n<p>Weitere Aufgaben sind zum Beispiel:<br \/>\n\u2022 F\u00fchrung des Inventarverzeichnisses<br \/>\n\u2022 Beschaffung und Unterhalt der Inneneinrichtung der Kirchen sowie Ausstattung der Dienstr\u00e4ume<br \/>\n\u2022 Anerkennung der Jahresrechnung<br \/>\n\u2022 Abschluss von Arbeitsvertr\u00e4gen und sonstigen Vertr\u00e4gen<br \/>\n\u2022 Beantragung von Zusch\u00fcssen,<br \/>\n\u2022 Beratung und Beschluss von durchzuf\u00fchrenden Bauma\u00dfnahmen<br \/>\n\u2022 Entscheidung \u00fcber den Verwendungszweck der freiwilligen Zuwendungen<br \/>\nEs gibt vielf\u00e4ltige und sehr interessante Aufgaben zu bew\u00e4ltigen.<\/p>\n<pre>Quelle: Homepage Bistum W\u00fcrzburg, https:\/\/kirchenverwaltungswahl.de\/\n\n<\/pre>\n<p><img loading=\"lazy\" decoding=\"async\" class=\"size-medium wp-image-3353 alignleft\" src=\"https:\/\/www.st-franziskus-schwarzenbach-saale.de\/wpsf\/wp-content\/uploads\/2025\/01\/kv2024-266x300.png\" alt=\"\" width=\"266\" height=\"300\" srcset=\"https:\/\/www.st-franziskus-schwarzenbach-saale.de\/wpsf\/wp-content\/uploads\/2025\/01\/kv2024-266x300.png 266w, https:\/\/www.st-franziskus-schwarzenbach-saale.de\/wpsf\/wp-content\/uploads\/2025\/01\/kv2024-907x1024.png 907w, https:\/\/www.st-franziskus-schwarzenbach-saale.de\/wpsf\/wp-content\/uploads\/2025\/01\/kv2024-1361x1536.png 1361w, https:\/\/www.st-franziskus-schwarzenbach-saale.de\/wpsf\/wp-content\/uploads\/2025\/01\/kv2024-1815x2048.png 1815w\" sizes=\"auto, (max-width: 266px) 100vw, 266px\" \/>Die Kirchenverwaltung f\u00fcr die Amtszeit von 2025 bis 2030 setzt sich zusammen aus (von links)<br \/>\nPfr. Dieter G. Jung, Herwig Stalf, Wolfgang Nittke, Markus Hornig und Karin Vogel.<\/p>\n<p>Das Gremium w\u00e4hlte Markus Hornig zum Kirchenpfleger, Karin Vogel zur Schriftf\u00fchrerin.<\/p>\n","protected":false},"excerpt":{"rendered":"<p>Was ist die Kirchenverwaltung? Die Kirchenverwaltung ist das Gremium in der Pfarrei, das zusammen mit dem Pfarrer die Kirchenstiftung rechtlich vertritt. Hier lenken die gew\u00e4hlten Kirchenverwaltungsmitglieder zusammen mit dem Pfarrer als Kirchenverwaltungsvorstand aktiv die Geschicke der Pfarrei. Die Kirchenverwaltung wird von den Pfarrgemeindemitgliedern f\u00fcr 6 Jahre gew\u00e4hlt. Welche Aufgaben hat sie? Die Aufgaben der Kirchenverwaltung [&hellip;]<\/p>\n","protected":false},"author":1,"featured_media":0,"parent":0,"menu_order":0,"comment_status":"closed","ping_status":"closed","template":"","meta":{"footnotes":""},"class_list":["post-89","page","type-page","status-publish","hentry"],"_links":{"self":[{"href":"https:\/\/www.st-franziskus-schwarzenbach-saale.de\/index.php?rest_route=\/wp\/v2\/pages\/89","targetHints":{"allow":["GET"]}}],"collection":[{"href":"https:\/\/www.st-franziskus-schwarzenbach-saale.de\/index.php?rest_route=\/wp\/v2\/pages"}],"about":[{"href":"https:\/\/www.st-franziskus-schwarzenbach-saale.de\/index.php?rest_route=\/wp\/v2\/types\/page"}],"author":[{"embeddable":true,"href":"https:\/\/www.st-franziskus-schwarzenbach-saale.de\/index.php?rest_route=\/wp\/v2\/users\/1"}],"replies":[{"embeddable":true,"href":"https:\/\/www.st-franziskus-schwarzenbach-saale.de\/index.php?rest_route=%2Fwp%2Fv2%2Fcomments&post=89"}],"version-history":[{"count":10,"href":"https:\/\/www.st-franziskus-schwarzenbach-saale.de\/index.php?rest_route=\/wp\/v2\/pages\/89\/revisions"}],"predecessor-version":[{"id":3361,"href":"https:\/\/www.st-franziskus-schwarzenbach-saale.de\/index.php?rest_route=\/wp\/v2\/pages\/89\/revisions\/3361"}],"wp:attachment":[{"href":"https:\/\/www.st-franziskus-schwarzenbach-saale.de\/index.php?rest_route=%2Fwp%2Fv2%2Fmedia&parent=89"}],"curies":[{"name":"wp","href":"https:\/\/api.w.org\/{rel}","templated":true}]}}