{"id":249,"date":"2013-11-28T00:05:13","date_gmt":"2013-11-27T22:05:13","guid":{"rendered":"http:\/\/www.st-franziskus-schwarzenbach-saale.de\/wpsf\/?page_id=249"},"modified":"2025-05-02T17:47:30","modified_gmt":"2025-05-02T17:47:30","slug":"kirchenschmuckteam","status":"publish","type":"page","link":"https:\/\/www.st-franziskus-schwarzenbach-saale.de\/?page_id=249","title":{"rendered":"Kirchenschmuckteam"},"content":{"rendered":"<p><strong>IMMER DEN RICHTIGEN BLUMENSCHMUCK<\/strong><\/p>\n<p>In den meisten Kirchen ist f\u00fcr den passenden Blumenschmuck und eine festlich geschm\u00fcckte Kirche der Kirchenmesner zust\u00e4ndig. In St. Franziskus allerdings zeigen sich schon seit vielen Jahrzehnten engagierte Frauen und M\u00e4nner verantwortlich f\u00fcr diesen wichtigen Dienst. Dieses Team &#8222;Kirchenschmuck&#8220; trifft sich jede Woche, um das Gotteshaus und den Blumenschmuck f\u00fcr die Gottesdienste ansprechend und farbenfroh zu gestalten.<\/p>\n<p>In vielen ehrenamtlichen Stunden wird geschnitten, gezupft, arrangiert und gegossen bis endlich die Kirche ein w\u00fcrdevolles und festliches Aussehen hat. Wer sich gerne finanziell am Blumenschmuck beteiligen m\u00f6chte, f\u00fcr den steht im Kirchenfoyer ein spezieller Opferstock bereit. Die kath. Pfarrgemeinde ist f\u00fcr jeden gespendeten Euro dankbar.<\/p>\n<p>Martina Richter, Barbara Schaefer und Team<\/p>\n","protected":false},"excerpt":{"rendered":"<p>IMMER DEN RICHTIGEN BLUMENSCHMUCK In den meisten Kirchen ist f\u00fcr den passenden Blumenschmuck und eine festlich geschm\u00fcckte Kirche der Kirchenmesner zust\u00e4ndig. In St. Franziskus allerdings zeigen sich schon seit vielen Jahrzehnten engagierte Frauen und M\u00e4nner verantwortlich f\u00fcr diesen wichtigen Dienst. Dieses Team &#8222;Kirchenschmuck&#8220; trifft sich jede Woche, um das Gotteshaus und den Blumenschmuck f\u00fcr die [&hellip;]<\/p>\n","protected":false},"author":1,"featured_media":0,"parent":0,"menu_order":0,"comment_status":"closed","ping_status":"closed","template":"","meta":{"footnotes":""},"class_list":["post-249","page","type-page","status-publish","hentry"],"_links":{"self":[{"href":"https:\/\/www.st-franziskus-schwarzenbach-saale.de\/index.php?rest_route=\/wp\/v2\/pages\/249","targetHints":{"allow":["GET"]}}],"collection":[{"href":"https:\/\/www.st-franziskus-schwarzenbach-saale.de\/index.php?rest_route=\/wp\/v2\/pages"}],"about":[{"href":"https:\/\/www.st-franziskus-schwarzenbach-saale.de\/index.php?rest_route=\/wp\/v2\/types\/page"}],"author":[{"embeddable":true,"href":"https:\/\/www.st-franziskus-schwarzenbach-saale.de\/index.php?rest_route=\/wp\/v2\/users\/1"}],"replies":[{"embeddable":true,"href":"https:\/\/www.st-franziskus-schwarzenbach-saale.de\/index.php?rest_route=%2Fwp%2Fv2%2Fcomments&post=249"}],"version-history":[{"count":7,"href":"https:\/\/www.st-franziskus-schwarzenbach-saale.de\/index.php?rest_route=\/wp\/v2\/pages\/249\/revisions"}],"predecessor-version":[{"id":3431,"href":"https:\/\/www.st-franziskus-schwarzenbach-saale.de\/index.php?rest_route=\/wp\/v2\/pages\/249\/revisions\/3431"}],"wp:attachment":[{"href":"https:\/\/www.st-franziskus-schwarzenbach-saale.de\/index.php?rest_route=%2Fwp%2Fv2%2Fmedia&parent=249"}],"curies":[{"name":"wp","href":"https:\/\/api.w.org\/{rel}","templated":true}]}}