{"id":240,"date":"2013-11-27T23:46:13","date_gmt":"2013-11-27T21:46:13","guid":{"rendered":"http:\/\/www.st-franziskus-schwarzenbach-saale.de\/wpsf\/?page_id=240"},"modified":"2025-04-09T16:20:42","modified_gmt":"2025-04-09T16:20:42","slug":"kirchenmusik","status":"publish","type":"page","link":"https:\/\/www.st-franziskus-schwarzenbach-saale.de\/?page_id=240","title":{"rendered":"Kirchenmusik"},"content":{"rendered":"<p>Martin Wolfers-Mildner speilt die Orgel in der St. Franziskuskirche und leitet zu besonderen Anl\u00e4ssen den Projektchor. Daf\u00fcr sind ihm viele Gottesdienstbesucher \u00fcberaus dankbar.<\/p>\n","protected":false},"excerpt":{"rendered":"<p>Martin Wolfers-Mildner speilt die Orgel in der St. Franziskuskirche und leitet zu besonderen Anl\u00e4ssen den Projektchor. Daf\u00fcr sind ihm viele Gottesdienstbesucher \u00fcberaus dankbar.<\/p>\n","protected":false},"author":1,"featured_media":0,"parent":0,"menu_order":0,"comment_status":"closed","ping_status":"closed","template":"","meta":{"footnotes":""},"class_list":["post-240","page","type-page","status-publish","hentry"],"_links":{"self":[{"href":"https:\/\/www.st-franziskus-schwarzenbach-saale.de\/index.php?rest_route=\/wp\/v2\/pages\/240","targetHints":{"allow":["GET"]}}],"collection":[{"href":"https:\/\/www.st-franziskus-schwarzenbach-saale.de\/index.php?rest_route=\/wp\/v2\/pages"}],"about":[{"href":"https:\/\/www.st-franziskus-schwarzenbach-saale.de\/index.php?rest_route=\/wp\/v2\/types\/page"}],"author":[{"embeddable":true,"href":"https:\/\/www.st-franziskus-schwarzenbach-saale.de\/index.php?rest_route=\/wp\/v2\/users\/1"}],"replies":[{"embeddable":true,"href":"https:\/\/www.st-franziskus-schwarzenbach-saale.de\/index.php?rest_route=%2Fwp%2Fv2%2Fcomments&post=240"}],"version-history":[{"count":4,"href":"https:\/\/www.st-franziskus-schwarzenbach-saale.de\/index.php?rest_route=\/wp\/v2\/pages\/240\/revisions"}],"predecessor-version":[{"id":3407,"href":"https:\/\/www.st-franziskus-schwarzenbach-saale.de\/index.php?rest_route=\/wp\/v2\/pages\/240\/revisions\/3407"}],"wp:attachment":[{"href":"https:\/\/www.st-franziskus-schwarzenbach-saale.de\/index.php?rest_route=%2Fwp%2Fv2%2Fmedia&parent=240"}],"curies":[{"name":"wp","href":"https:\/\/api.w.org\/{rel}","templated":true}]}}