{"id":238,"date":"2013-11-27T23:41:50","date_gmt":"2013-11-27T21:41:50","guid":{"rendered":"http:\/\/www.st-franziskus-schwarzenbach-saale.de\/wpsf\/?page_id=238"},"modified":"2025-04-10T18:38:41","modified_gmt":"2025-04-10T18:38:41","slug":"sonstige","status":"publish","type":"page","link":"https:\/\/www.st-franziskus-schwarzenbach-saale.de\/?page_id=238","title":{"rendered":"Sonstige"},"content":{"rendered":"<ul>\n<li>\u00d6kumenisches Team<\/li>\n<li>Kreis der Kommunionhelfer<\/li>\n<li>Helfergruppe &#8211; &#8222;Pfarrfest&#8220;<\/li>\n<li>Gruppe der Br\u00fccke-Austr\u00e4ger<\/li>\n<li>Leiter-Runde<\/li>\n<li>Gruppe der Caritas-Flyer-Verteile<\/li>\n<li>Helfergruppe Sternsingeraktion<\/li>\n<li>Helfergruppe &#8211; Fr\u00fchschoppen<\/li>\n<\/ul>\n\n","protected":false},"excerpt":{"rendered":"<p>\u00d6kumenisches Team Kreis der Kommunionhelfer Helfergruppe &#8211; &#8222;Pfarrfest&#8220; Gruppe der Br\u00fccke-Austr\u00e4ger Leiter-Runde Gruppe der Caritas-Flyer-Verteile Helfergruppe Sternsingeraktion Helfergruppe &#8211; Fr\u00fchschoppen<\/p>\n","protected":false},"author":1,"featured_media":0,"parent":0,"menu_order":0,"comment_status":"closed","ping_status":"closed","template":"","meta":{"footnotes":""},"class_list":["post-238","page","type-page","status-publish","hentry"],"_links":{"self":[{"href":"https:\/\/www.st-franziskus-schwarzenbach-saale.de\/index.php?rest_route=\/wp\/v2\/pages\/238","targetHints":{"allow":["GET"]}}],"collection":[{"href":"https:\/\/www.st-franziskus-schwarzenbach-saale.de\/index.php?rest_route=\/wp\/v2\/pages"}],"about":[{"href":"https:\/\/www.st-franziskus-schwarzenbach-saale.de\/index.php?rest_route=\/wp\/v2\/types\/page"}],"author":[{"embeddable":true,"href":"https:\/\/www.st-franziskus-schwarzenbach-saale.de\/index.php?rest_route=\/wp\/v2\/users\/1"}],"replies":[{"embeddable":true,"href":"https:\/\/www.st-franziskus-schwarzenbach-saale.de\/index.php?rest_route=%2Fwp%2Fv2%2Fcomments&post=238"}],"version-history":[{"count":6,"href":"https:\/\/www.st-franziskus-schwarzenbach-saale.de\/index.php?rest_route=\/wp\/v2\/pages\/238\/revisions"}],"predecessor-version":[{"id":3412,"href":"https:\/\/www.st-franziskus-schwarzenbach-saale.de\/index.php?rest_route=\/wp\/v2\/pages\/238\/revisions\/3412"}],"wp:attachment":[{"href":"https:\/\/www.st-franziskus-schwarzenbach-saale.de\/index.php?rest_route=%2Fwp%2Fv2%2Fmedia&parent=238"}],"curies":[{"name":"wp","href":"https:\/\/api.w.org\/{rel}","templated":true}]}}